{"id":63,"date":"2023-05-12T14:52:30","date_gmt":"2023-05-12T12:52:30","guid":{"rendered":"https:\/\/bookshots-ai.com\/?page_id=63"},"modified":"2023-05-12T14:52:31","modified_gmt":"2023-05-12T12:52:31","slug":"a-propos-de-bookshots","status":"publish","type":"page","link":"https:\/\/bookshots-ai.com\/index.php\/a-propos-de-bookshots\/","title":{"rendered":"A Propos de BookShots"},"content":{"rendered":"\n<p><strong>BookShots <\/strong>est une application mobile de lecture qui permet aux utilisateurs de d\u00e9couvrir et de lire des livres de mani\u00e8re pratique et efficace. Nous croyons que la lecture est un moyen essentiel d&#8217;acqu\u00e9rir des connaissances et de s&#8217;\u00e9vader dans des mondes imaginaires. C&#8217;est pourquoi nous avons cr\u00e9\u00e9 BookShots pour rendre la lecture facile, amusante et accessible \u00e0 tous.<\/p>\n\n\n\n<p>Notre application propose une vaste biblioth\u00e8que de livres dans diff\u00e9rents genres, allant des romans classiques aux derniers best-sellers. Nous offrons \u00e9galement des fonctionnalit\u00e9s pratiques telles que la prise de notes et le partage de livres avec des amis. Avec BookShots, vous pouvez facilement enregistrer des notes et des citations inspirantes tout en lisant un livre, et les partager avec vos amis en un seul clic. Nous avons \u00e9galement int\u00e9gr\u00e9 une technologie de reconnaissance optique de caract\u00e8res (OCR) qui convertit automatiquement une photo de l&#8217;extrait du livre en texte, vous permettant de l&#8217;enregistrer et de le partager facilement.<\/p>\n\n\n\n<p>Chez <strong>BookShots<\/strong>, nous nous engageons \u00e0 offrir une exp\u00e9rience de lecture exceptionnelle \u00e0 nos utilisateurs. Nous travaillons sans rel\u00e2che pour am\u00e9liorer notre application et pour offrir une grande vari\u00e9t\u00e9 de livres de qualit\u00e9 pour r\u00e9pondre aux besoins de nos utilisateurs.<\/p>\n\n\n\n<p>Nous appr\u00e9cions les commentaires de nos utilisateurs et nous sommes toujours \u00e0 l&#8217;\u00e9coute pour comprendre comment nous pouvons am\u00e9liorer notre application. N&#8217;h\u00e9sitez pas \u00e0 nous contacter pour toute suggestion ou pr\u00e9occupation.<\/p>\n\n\n\n<p>Merci d&#8217;utiliser BookShots !<\/p>\n\n\n\n<p><\/p>\n\n\n\n<p><\/p>\n\n\n\n<p><\/p>\n\n\n\n<p><\/p>\n","protected":false},"excerpt":{"rendered":"<p>BookShots est une application mobile de lecture qui permet aux utilisateurs de d\u00e9couvrir et de lire des livres de mani\u00e8re pratique et efficace. Nous croyons que la lecture est un moyen essentiel d&#8217;acqu\u00e9rir des connaissances et de s&#8217;\u00e9vader dans des mondes imaginaires. C&#8217;est pourquoi nous avons cr\u00e9\u00e9 BookShots pour rendre la lecture facile, amusante et [&hellip;]<\/p>\n","protected":false},"author":1,"featured_media":0,"parent":0,"menu_order":0,"comment_status":"closed","ping_status":"closed","template":"","meta":[],"_links":{"self":[{"href":"https:\/\/bookshots-ai.com\/index.php\/wp-json\/wp\/v2\/pages\/63"}],"collection":[{"href":"https:\/\/bookshots-ai.com\/index.php\/wp-json\/wp\/v2\/pages"}],"about":[{"href":"https:\/\/bookshots-ai.com\/index.php\/wp-json\/wp\/v2\/types\/page"}],"author":[{"embeddable":true,"href":"https:\/\/bookshots-ai.com\/index.php\/wp-json\/wp\/v2\/users\/1"}],"replies":[{"embeddable":true,"href":"https:\/\/bookshots-ai.com\/index.php\/wp-json\/wp\/v2\/comments?post=63"}],"version-history":[{"count":1,"href":"https:\/\/bookshots-ai.com\/index.php\/wp-json\/wp\/v2\/pages\/63\/revisions"}],"predecessor-version":[{"id":64,"href":"https:\/\/bookshots-ai.com\/index.php\/wp-json\/wp\/v2\/pages\/63\/revisions\/64"}],"wp:attachment":[{"href":"https:\/\/bookshots-ai.com\/index.php\/wp-json\/wp\/v2\/media?parent=63"}],"curies":[{"name":"wp","href":"https:\/\/api.w.org\/{rel}","templated":true}]}}